{"id":95478,"date":"2021-03-08T10:52:16","date_gmt":"2021-03-08T09:52:16","guid":{"rendered":"https:\/\/hiphop4life.fr\/shop\/?post_type=product&#038;p=95478"},"modified":"2022-01-17T15:48:44","modified_gmt":"2022-01-17T14:48:44","slug":"atmosphere-headshots-seven-vinyle","status":"publish","type":"product","link":"https:\/\/hiphop4life.fr\/shop\/produit\/atmosphere-headshots-seven-vinyle\/","title":{"rendered":"Atmosphere &#8211; Headshots: Se7en [Vinyle 20e Anniversaire]"},"content":{"rendered":"<div class=\"wpb-content-wrapper\"><p>[vc_row][vc_column width=\u00a0\u00bb1\/1&Prime;][vc_column_text]<iframe src=\"https:\/\/open.spotify.com\/embed\/album\/4SNCuFfRqQQw59mJ6yYVCx\" width=\"300\" height=\"380\" frameborder=\"0\"><\/iframe><\/p>\n<div>\n<h3>Tracklist<\/h3>\n<ol>\n<li><em>Sep Seven Game Show Theme<\/em><\/li>\n<li><em>Round and Round<\/em><\/li>\n<li><em>Tracksmart (feat. Mr. Gene Poole)<\/em><\/li>\n<li><em>Choking On The Wishbone<\/em><\/li>\n<li><em>The Jackpot \/ Swept Away<\/em><\/li>\n<li><em>@ It Again<\/em><\/li>\n<li><em>The Stick Up (feat. Eyedea)<\/em><\/li>\n<li><em>Lyle Lovette<\/em><\/li>\n<li><em>Higher Living<\/em><\/li>\n<li><em>To The Break Of Sean<\/em><\/li>\n<li><em>Deer Wolf<\/em><\/li>\n<li><em>Molly Cool<\/em><\/li>\n<li><em>Dungeons &amp; Dragons (feat. Musab)<\/em><\/li>\n<li><em>Anterlude<\/em><\/li>\n<li><em>Advanced Communications<\/em><\/li>\n<li><em>A Tall Seven and Seven<\/em><\/li>\n<li><em>3.2 Red Dog<\/em><\/li>\n<li><em>The Abusing of the Rib<\/em><\/li>\n<li><em>Write Now (Multiples No. 4)<\/em><\/li>\n<li><em>I Wish The Cats @ Fobia Would Give Me Some Free Shoes<\/em><\/li>\n<li><em>Heart<\/em><\/li>\n<\/ol>\n<p><em>\u00a0<\/em><\/p>\n<\/div>\n<p>[\/vc_column_text][\/vc_column][\/vc_row]<\/p>\n<\/div>","protected":false},"excerpt":{"rendered":"<p><strong>Album :<\/strong> Headshots: Se7en<br \/>\n<strong>Artiste :<\/strong> Atmosphere<br \/>\n<strong>Etat :<\/strong>\u00a0Neuf &#8211; Sous blister<br \/>\n<strong>Format :<\/strong>\u00a0Vinyle, 3 LP, Album<br \/>\n<strong>Label :<\/strong> Rhymesayers<br \/>\n<strong>Edition :<\/strong> R\u00e9\u00e9dition 2019 20\u00e8me Anniversaire<br \/>\n<strong>Date de sortie :<\/strong> 1999<br \/>\n<strong>Genre :<\/strong>\u00a0Hip-Hop\u00a0\/ Rap US \/ Underground<\/p>\n","protected":false},"featured_media":95479,"comment_status":"open","ping_status":"closed","template":"","meta":{"om_disable_all_campaigns":false,"_monsterinsights_skip_tracking":false,"_monsterinsights_sitenote_active":false,"_monsterinsights_sitenote_note":"","_monsterinsights_sitenote_category":0},"product_brand":[],"product_cat":[6171,6177],"product_tag":[5374,6938,7099,7266,10314,5325,5326,7693,6934,7101,6986],"class_list":{"0":"post-95478","1":"product","2":"type-product","3":"status-publish","4":"has-post-thumbnail","6":"product_cat-golden-age","7":"product_cat-midwest","8":"product_tag-2000s","9":"product_tag-ant","10":"product_tag-atmosphere","11":"product_tag-collector","12":"product_tag-headshots-se7en","13":"product_tag-hip-hop","14":"product_tag-rap-us","15":"product_tag-reedition","16":"product_tag-rhymesayers","17":"product_tag-slug","18":"product_tag-underground-fr","19":"product_shipping_class-3-lp","21":"first","22":"instock","23":"taxable","24":"shipping-taxable","25":"purchasable","26":"product-type-simple"},"aioseo_notices":[],"_links":{"self":[{"href":"https:\/\/hiphop4life.fr\/shop\/wp-json\/wp\/v2\/product\/95478","targetHints":{"allow":["GET"]}}],"collection":[{"href":"https:\/\/hiphop4life.fr\/shop\/wp-json\/wp\/v2\/product"}],"about":[{"href":"https:\/\/hiphop4life.fr\/shop\/wp-json\/wp\/v2\/types\/product"}],"replies":[{"embeddable":true,"href":"https:\/\/hiphop4life.fr\/shop\/wp-json\/wp\/v2\/comments?post=95478"}],"wp:featuredmedia":[{"embeddable":true,"href":"https:\/\/hiphop4life.fr\/shop\/wp-json\/wp\/v2\/media\/95479"}],"wp:attachment":[{"href":"https:\/\/hiphop4life.fr\/shop\/wp-json\/wp\/v2\/media?parent=95478"}],"wp:term":[{"taxonomy":"product_brand","embeddable":true,"href":"https:\/\/hiphop4life.fr\/shop\/wp-json\/wp\/v2\/product_brand?post=95478"},{"taxonomy":"product_cat","embeddable":true,"href":"https:\/\/hiphop4life.fr\/shop\/wp-json\/wp\/v2\/product_cat?post=95478"},{"taxonomy":"product_tag","embeddable":true,"href":"https:\/\/hiphop4life.fr\/shop\/wp-json\/wp\/v2\/product_tag?post=95478"}],"curies":[{"name":"wp","href":"https:\/\/api.w.org\/{rel}","templated":true}]}}