{"id":95714,"date":"2016-03-21T18:38:44","date_gmt":"2016-03-21T17:38:44","guid":{"rendered":"https:\/\/hiphop4life.fr\/shop\/?post_type=product&#038;p=95714"},"modified":"2022-01-17T16:17:07","modified_gmt":"2022-01-17T15:17:07","slug":"camp-lo-saturday-night-vinyle","status":"publish","type":"product","link":"https:\/\/hiphop4life.fr\/shop\/produit\/camp-lo-saturday-night-vinyle\/","title":{"rendered":"Camp Lo &#8211; Uptown Saturday Night [Vinyle]"},"content":{"rendered":"<div class=\"wpb-content-wrapper\"><p>[vc_row][vc_column width=\u00a0\u00bb1\/1&Prime;][vc_single_image media=\u00a0\u00bb95715&Prime; media_width_percent=\u00a0\u00bb100&Prime;][vc_column_text]<iframe src=\"https:\/\/open.spotify.com\/embed\/album\/21EglTSwzUorpiXpMBNW2E\" width=\"300\" height=\"380\" frameborder=\"0\"><\/iframe><\/p>\n<p><strong>Tracklist<\/strong><\/p>\n<p><em>1. \u00ab\u00a0Krystal Karrington\u00a0\u00bb<br \/>\n2. \u00ab\u00a0Luchini AKA This Is It\u00a0\u00bb<br \/>\n3. \u00ab\u00a0Park Joint\u00a0\u00bb<br \/>\n4. \u00ab\u00a0B-Side to Hollywood\u00a0\u00bb (feat. Trugoy the Dove)<br \/>\n5. \u00ab\u00a0Killin&rsquo; Em Softly\u00a0\u00bb<br \/>\n6. \u00ab\u00a0Sparkle\u00a0\u00bb<br \/>\n7. \u00ab\u00a0Black Connection\u00a0\u00bb<br \/>\n8. \u00ab\u00a0Swing\u00a0\u00bb (feat. Butterfly)<br \/>\n9. \u00ab\u00a0Rockin&rsquo; It AKA Spanish Harlem\u00a0\u00bb<br \/>\n10. \u00ab\u00a0Say Word\u00a0\u00bb (feat. Jungle Brown)<br \/>\n11. \u00ab\u00a0Negro League\u00a0\u00bb (feat. Karachi R.A.W. and Bones)<br \/>\n12. \u00ab\u00a0Nicky Barnes AKA It&rsquo;s Alright\u00a0\u00bb (feat. Jungle Brown)<br \/>\n13. \u00ab\u00a0Black Nostaljack AKA Come On\u00a0\u00bb<br \/>\n14. \u00ab\u00a0Coolie High\u00a0\u00bb<br \/>\n15. \u00ab\u00a0Sparkle (Mr. Midnight Mix)\u00a0\u00bb<\/em>[\/vc_column_text][\/vc_column][\/vc_row]<\/p>\n<\/div>","protected":false},"excerpt":{"rendered":"<p><strong>Album :<\/strong> Camp Lo<br \/>\n<strong>Artiste :<\/strong> Uptown Saturday Night<br \/>\n<strong>Etat :<\/strong>\u00a0Neuf<br \/>\n<strong>Format :<\/strong>\u00a0Vinyle, 2 LP, Album<br \/>\n<strong>Label :<\/strong> Arista<br \/>\n<strong>Edition :<\/strong> R\u00e9\u00e9dition 2019 Remasteris\u00e9e<br \/>\n<strong>Date de sortie :<\/strong>\u00a01997<br \/>\n<strong>Genre :<\/strong>\u00a0Hip-Hop\u00a0\/ Rap US \/ East Coast \/ Underground \/ Jazz Rap<\/p>\n","protected":false},"featured_media":95716,"comment_status":"open","ping_status":"closed","template":"","meta":{"om_disable_all_campaigns":false,"_monsterinsights_skip_tracking":false,"_monsterinsights_sitenote_active":false,"_monsterinsights_sitenote_note":"","_monsterinsights_sitenote_category":0},"product_brand":[],"product_cat":[6174,6171],"product_tag":[10467,5337,5339,5325,6131,5326,7693,7695,7193,10469],"class_list":{"0":"post-95714","1":"product","2":"type-product","3":"status-publish","4":"has-post-thumbnail","6":"product_cat-east-coast","7":"product_cat-golden-age","8":"product_tag-camp-lo","9":"product_tag-east-coast","10":"product_tag-golden-age","11":"product_tag-hip-hop","12":"product_tag-jazz-rap","13":"product_tag-rap-us","14":"product_tag-reedition","15":"product_tag-remasterise","16":"product_tag-undergound","17":"product_tag-uptown-saturday-night","18":"product_shipping_class-2-lp","20":"first","21":"outofstock","22":"taxable","23":"shipping-taxable","24":"purchasable","25":"product-type-simple"},"aioseo_notices":[],"_links":{"self":[{"href":"https:\/\/hiphop4life.fr\/shop\/wp-json\/wp\/v2\/product\/95714","targetHints":{"allow":["GET"]}}],"collection":[{"href":"https:\/\/hiphop4life.fr\/shop\/wp-json\/wp\/v2\/product"}],"about":[{"href":"https:\/\/hiphop4life.fr\/shop\/wp-json\/wp\/v2\/types\/product"}],"replies":[{"embeddable":true,"href":"https:\/\/hiphop4life.fr\/shop\/wp-json\/wp\/v2\/comments?post=95714"}],"wp:featuredmedia":[{"embeddable":true,"href":"https:\/\/hiphop4life.fr\/shop\/wp-json\/wp\/v2\/media\/95716"}],"wp:attachment":[{"href":"https:\/\/hiphop4life.fr\/shop\/wp-json\/wp\/v2\/media?parent=95714"}],"wp:term":[{"taxonomy":"product_brand","embeddable":true,"href":"https:\/\/hiphop4life.fr\/shop\/wp-json\/wp\/v2\/product_brand?post=95714"},{"taxonomy":"product_cat","embeddable":true,"href":"https:\/\/hiphop4life.fr\/shop\/wp-json\/wp\/v2\/product_cat?post=95714"},{"taxonomy":"product_tag","embeddable":true,"href":"https:\/\/hiphop4life.fr\/shop\/wp-json\/wp\/v2\/product_tag?post=95714"}],"curies":[{"name":"wp","href":"https:\/\/api.w.org\/{rel}","templated":true}]}}