{"id":96003,"date":"2016-01-01T13:01:53","date_gmt":"2016-01-01T12:01:53","guid":{"rendered":"https:\/\/hiphop4life.fr\/shop\/?post_type=product&#038;p=96003"},"modified":"2024-12-07T09:54:21","modified_gmt":"2024-12-07T08:54:21","slug":"three-6-mafia-mystic-stylez-vinyle","status":"publish","type":"product","link":"https:\/\/hiphop4life.fr\/shop\/produit\/three-6-mafia-mystic-stylez-vinyle\/","title":{"rendered":"Three 6 Mafia &#8211; Mystic Stylez [Vinyle]"},"content":{"rendered":"<div class=\"wpb-content-wrapper\"><p>[vc_row][vc_column width=\u00a0\u00bb1\/1&Prime;][vc_column_text]<iframe src=\"https:\/\/open.spotify.com\/embed\/album\/03dao4rkv9ZZ95IJrnugVM\" width=\"300\" height=\"380\" frameborder=\"0\"><\/iframe><\/p>\n<p><strong>Tracklist<\/strong><\/p>\n<p><em>A1 Da Beginning 1:12<\/em><br \/>\n<em>A2 Break Da Law \u00ab\u00a095\u00a0\u00bb 4:18<\/em><br \/>\n<em>A3 Da Summa<\/em><br \/>\n<em>Vocals [Additional] \u2013 Ann Hines<\/em><br \/>\n<em>4:45<\/em><br \/>\n<em>A4 Live By Yo Rep (Bone Dis) 5:10<\/em><br \/>\n<em>B1 In Da Game 4:02<\/em><br \/>\n<em>B2 Now I&rsquo;m Hi Pt. 3 5:06<\/em><br \/>\n<em>B3 Long Nite 4:28<\/em><br \/>\n<em>B4 Sweet Robbery (Pt. 2) 4:42<\/em><br \/>\n<em>C1 Back Against Da Wall<\/em><br \/>\n<em>Vocals [Additional] \u2013 Archie Luv<\/em><br \/>\n<em>4:48<\/em><br \/>\n<em>C2 Fuckin Wit Dis Click 6:15<\/em><br \/>\n<em>C3 All Or Nothin 4:53<\/em><br \/>\n<em>C4 Gotta Touch &lsquo;Em (Pt. 2) 4:50<\/em><br \/>\n<em>D1 Tear Da Club Up 4:33<\/em><br \/>\n<em>D2 Big Bizness (Screwed) 2:12<\/em><br \/>\n<em>D3 Mystic Styles 6:20<\/em><br \/>\n<em>D4 Porno Movie<\/em>[\/vc_column_text][\/vc_column][\/vc_row]<\/p>\n<\/div>","protected":false},"excerpt":{"rendered":"<p><strong>Album :<\/strong> Mystic Stylez<br \/>\n<strong>Artiste :<\/strong> Three 6 Mafia<br \/>\n<strong>Etat :<\/strong>\u00a0Neuf<br \/>\n<strong>Format :<\/strong>\u00a0Vinyle, 2 LP, Album<br \/>\n<strong>Label :<\/strong> Prophet<br \/>\n<strong>Edition :<\/strong> R\u00e9\u00e9dition 20\u00e8me Anniversaire<br \/>\n<strong>Date de sortie :<\/strong> 1995<br \/>\n<strong>Genre :<\/strong> Hip-Hop \/ Rap US \/ Dirty South \/ Crunk \/ Horrorcore<\/p>\n","protected":false},"featured_media":96007,"comment_status":"open","ping_status":"closed","template":"","meta":{"om_disable_all_campaigns":false,"_monsterinsights_skip_tracking":false,"_monsterinsights_sitenote_active":false,"_monsterinsights_sitenote_note":"","_monsterinsights_sitenote_category":0},"product_brand":[],"product_cat":[6176,6171],"product_tag":[8842,5372,5871,5325,8482,10610,5326,7693,8844,8035,6986],"class_list":{"0":"post-96003","1":"product","2":"type-product","3":"status-publish","4":"has-post-thumbnail","6":"product_cat-dirty-south","7":"product_cat-golden-age","8":"product_tag-crunk","9":"product_tag-dirty-south","10":"product_tag-hardcore","11":"product_tag-hip-hop","12":"product_tag-horrorcore","13":"product_tag-mystic-stylez","14":"product_tag-rap-us","15":"product_tag-reedition","16":"product_tag-three-6-mafia","17":"product_tag-trap","18":"product_tag-underground-fr","19":"product_shipping_class-2-lp","21":"first","22":"outofstock","23":"taxable","24":"shipping-taxable","25":"purchasable","26":"product-type-simple"},"aioseo_notices":[],"_links":{"self":[{"href":"https:\/\/hiphop4life.fr\/shop\/wp-json\/wp\/v2\/product\/96003","targetHints":{"allow":["GET"]}}],"collection":[{"href":"https:\/\/hiphop4life.fr\/shop\/wp-json\/wp\/v2\/product"}],"about":[{"href":"https:\/\/hiphop4life.fr\/shop\/wp-json\/wp\/v2\/types\/product"}],"replies":[{"embeddable":true,"href":"https:\/\/hiphop4life.fr\/shop\/wp-json\/wp\/v2\/comments?post=96003"}],"wp:featuredmedia":[{"embeddable":true,"href":"https:\/\/hiphop4life.fr\/shop\/wp-json\/wp\/v2\/media\/96007"}],"wp:attachment":[{"href":"https:\/\/hiphop4life.fr\/shop\/wp-json\/wp\/v2\/media?parent=96003"}],"wp:term":[{"taxonomy":"product_brand","embeddable":true,"href":"https:\/\/hiphop4life.fr\/shop\/wp-json\/wp\/v2\/product_brand?post=96003"},{"taxonomy":"product_cat","embeddable":true,"href":"https:\/\/hiphop4life.fr\/shop\/wp-json\/wp\/v2\/product_cat?post=96003"},{"taxonomy":"product_tag","embeddable":true,"href":"https:\/\/hiphop4life.fr\/shop\/wp-json\/wp\/v2\/product_tag?post=96003"}],"curies":[{"name":"wp","href":"https:\/\/api.w.org\/{rel}","templated":true}]}}