{"id":96045,"date":"2016-04-13T16:41:13","date_gmt":"2016-04-13T14:41:13","guid":{"rendered":"https:\/\/hiphop4life.fr\/shop\/?post_type=product&#038;p=96045"},"modified":"2022-12-01T10:57:04","modified_gmt":"2022-12-01T09:57:04","slug":"black-milk-tronic-vinyle","status":"publish","type":"product","link":"https:\/\/hiphop4life.fr\/shop\/produit\/black-milk-tronic-vinyle\/","title":{"rendered":"Black Milk &#8211; Tronic [Vinyle Argent\u00e9]"},"content":{"rendered":"<div class=\"wpb-content-wrapper\"><p>[vc_row][vc_column width=\u00a0\u00bb1\/1&Prime;][vc_single_image media=\u00a0\u00bb96046&Prime; media_width_percent=\u00a0\u00bb100&Prime;][vc_column_text]<iframe src=\"https:\/\/open.spotify.com\/embed\/album\/7AqGXJqouYwso3XWF00zV4\" width=\"300\" height=\"380\" frameborder=\"0\"><\/iframe><\/p>\n<p><strong>Tracklist<\/strong><\/p>\n<p><em>A1 Long Story Short (Bass: Aaron Julison Flugelhorn: Dwele Piano, Vocals [Additional]: AB (6) Synthesizer: Black Milk Written-By: A. Abernathy) <\/em><br \/>\n<em>A2 Bounce <\/em><br \/>\n<em>A3 Give The Drummer Sum (Bass: Aaron Julison Clarinet [Bass], Trumpet: Sam Beubien Electric Piano [Rhodes]: Black Milk Trombone: Matt Martinez (4)) <\/em><br \/>\n<em>B1 Without U (Drum Programming: Black Milk Producer, Vocals [Additional]: Colin Munroe Written-By: Colin Munroe) <\/em><br \/>\n<em>B2 Hold It Down <\/em><br \/>\n<em>B3 Losing Out (Rap [Featuring]: Royce Da 5&rsquo;9) <\/em><br \/>\n<em>C1 Hell Yeah (Rap [Featuring]: Royce Da 5&rsquo;9) <\/em><br \/>\n<em>C2 Overdose (Scratches, Written-By: DJ Dez) <\/em><br \/>\n<em>C3 Reppin For U (Vocals [Featuring]: AB (6) Written-By: A. Abernathy) <\/em><br \/>\n<em>C4 The Matrix (Rap [Featuring]: Pharoahe Monch Scratches: DJ Premier Written-By: C. Martin) <\/em><br \/>\n<em>D1 Try (Guitar: John Ogden Arnold) <\/em><br \/>\n<em>D2 Tronic Summer <\/em><br \/>\n<em>D3 Bond 4 Life (Guitar: John Ogden Arnold Vocals [Featuring]: Melanie Rutherford Written-By: M. Rutherford) <\/em><br \/>\n<em>D4 Elec (Outro) <\/em><br \/>\n<em>E1 Gut Synth <\/em><br \/>\n<em>E2 Planets Go Boom <\/em><br \/>\n<em>E3 Ordinary <\/em><br \/>\n<em>F1 Crawler <\/em><br \/>\n<em>F2 Moog Dips<\/em>[\/vc_column_text][\/vc_column][\/vc_row]<\/p>\n<\/div>","protected":false},"excerpt":{"rendered":"<p><strong>Album :<\/strong> Tronic<br \/>\n<strong>Artiste :<\/strong> Black Milk<br \/>\n<strong>Etat :<\/strong> Neuf &#8211; Sous blister<br \/>\n<strong>Format :<\/strong>\u00a0Vinyle, 2 LP, Album<br \/>\n<strong>Label :<\/strong> Fat Beats<br \/>\n<strong>Edition :<\/strong> R\u00e9\u00e9dition 2015 Fatbeats &#8211; Vinyle dor\u00e9 + 7&prime; bonus<br \/>\n<strong>Date de sortie :<\/strong> 2008<br \/>\n<strong>Genre :<\/strong>\u00a0Hip-Hop \/ Rap US \/ Underground \/ Instrumental<\/p>\n","protected":false},"featured_media":96047,"comment_status":"open","ping_status":"closed","template":"","meta":{"om_disable_all_campaigns":false,"_monsterinsights_skip_tracking":false,"_monsterinsights_sitenote_active":false,"_monsterinsights_sitenote_note":"","_monsterinsights_sitenote_category":0},"product_brand":[],"product_cat":[6172,6177],"product_tag":[7976,6051,5325,5326,7693,10624,6986,9089],"class_list":{"0":"post-96045","1":"product","2":"type-product","3":"status-publish","4":"has-post-thumbnail","6":"product_cat-2000s","7":"product_cat-midwest","8":"product_tag-black-milk","9":"product_tag-detroit","10":"product_tag-hip-hop","11":"product_tag-rap-us","12":"product_tag-reedition","13":"product_tag-tronic","14":"product_tag-underground-fr","15":"product_tag-vinyle-colore","16":"product_shipping_class-2-lp","18":"first","19":"outofstock","20":"sold-individually","21":"taxable","22":"shipping-taxable","23":"purchasable","24":"product-type-simple"},"aioseo_notices":[],"_links":{"self":[{"href":"https:\/\/hiphop4life.fr\/shop\/wp-json\/wp\/v2\/product\/96045","targetHints":{"allow":["GET"]}}],"collection":[{"href":"https:\/\/hiphop4life.fr\/shop\/wp-json\/wp\/v2\/product"}],"about":[{"href":"https:\/\/hiphop4life.fr\/shop\/wp-json\/wp\/v2\/types\/product"}],"replies":[{"embeddable":true,"href":"https:\/\/hiphop4life.fr\/shop\/wp-json\/wp\/v2\/comments?post=96045"}],"wp:featuredmedia":[{"embeddable":true,"href":"https:\/\/hiphop4life.fr\/shop\/wp-json\/wp\/v2\/media\/96047"}],"wp:attachment":[{"href":"https:\/\/hiphop4life.fr\/shop\/wp-json\/wp\/v2\/media?parent=96045"}],"wp:term":[{"taxonomy":"product_brand","embeddable":true,"href":"https:\/\/hiphop4life.fr\/shop\/wp-json\/wp\/v2\/product_brand?post=96045"},{"taxonomy":"product_cat","embeddable":true,"href":"https:\/\/hiphop4life.fr\/shop\/wp-json\/wp\/v2\/product_cat?post=96045"},{"taxonomy":"product_tag","embeddable":true,"href":"https:\/\/hiphop4life.fr\/shop\/wp-json\/wp\/v2\/product_tag?post=96045"}],"curies":[{"name":"wp","href":"https:\/\/api.w.org\/{rel}","templated":true}]}}