{"id":96057,"date":"2016-04-13T17:18:47","date_gmt":"2016-04-13T15:18:47","guid":{"rendered":"https:\/\/hiphop4life.fr\/shop\/?post_type=product&#038;p=96057"},"modified":"2025-05-16T17:20:33","modified_gmt":"2025-05-16T15:20:33","slug":"eve-scorpion-vinyle","status":"publish","type":"product","link":"https:\/\/hiphop4life.fr\/shop\/produit\/eve-scorpion-vinyle\/","title":{"rendered":"Eve &#8211; Scorpion [Vinyle 20e Anniversaire]"},"content":{"rendered":"<div class=\"wpb-content-wrapper\"><p>[vc_row][vc_column width=\u00a0\u00bb1\/1&Prime;][vc_single_image media=\u00a0\u00bb96058&Prime; media_width_percent=\u00a0\u00bb100&Prime;][vc_column_text]<iframe src=\"https:\/\/open.spotify.com\/embed\/album\/6ZWL1xSTEvqs5A6dBh8vZw\" width=\"300\" height=\"380\" frameborder=\"0\"><\/iframe><\/p>\n<p><strong>Tracklist<\/strong><\/p>\n<p><em>A1. Cowboy<\/em><br \/>\n<em>A2. Who&rsquo;s That Girl?<\/em><br \/>\n<em>A3. Let Me Blow Ya Mind Ft. Gwen Stefani<\/em><br \/>\n<em>B1. You Had Me, You Lost Me<\/em><br \/>\n<em>B2. Got What You Need Ft. Drag-On<\/em><br \/>\n<em>B3. Gangsta Bitches Ft. Da Brat &amp; Trina<\/em><br \/>\n<em>C1. That&rsquo;s What It Is Ft. Styles P<\/em><br \/>\n<em>C2. Scream Double R Ft. DMX<\/em><br \/>\n<em>C3. Thug In The Street Ft. Drag-On &amp; The LOX<\/em><br \/>\n<em>D1. No, No, No Ft. Damian Marl &amp; Stephen Marley<\/em><br \/>\n<em>D2. You Ain&rsquo;t Gettin None<\/em><br \/>\n<em>D3. Life Is So Hard Ft. Teena Marie<\/em><br \/>\n<em>D4. Be Me Ft. Mashonda<\/em>[\/vc_column_text][\/vc_column][\/vc_row]<\/p>\n<\/div>","protected":false},"excerpt":{"rendered":"<p><strong>Album :<\/strong> Scorpion<br \/>\n<strong>Artiste :<\/strong> Eve<br \/>\n<strong>Etat :<\/strong> Neuf &#8211; Sous Blister<br \/>\n<strong>Format :<\/strong>\u00a0Vinyle, 2 LP, Album<br \/>\n<strong>Label :<\/strong> Universal<br \/>\n<strong>Edition :<\/strong> R\u00e9\u00e9dition 2021 20\u00e8me Anniversaire<br \/>\n<strong>Date de sortie :<\/strong> 2001<br \/>\n<strong>Genre :<\/strong> Hip-Hop \/ Rap US \/ East Coast \/ R&amp;B<\/p>\n","protected":false},"featured_media":96059,"comment_status":"open","ping_status":"closed","template":"","meta":{"om_disable_all_campaigns":false,"_monsterinsights_skip_tracking":false,"_monsterinsights_sitenote_active":false,"_monsterinsights_sitenote_note":"","_monsterinsights_sitenote_category":0},"product_brand":[],"product_cat":[6172,6174,6179],"product_tag":[5374,5337,10634,5325,5347,5326,7693,7695,9027],"class_list":{"0":"post-96057","1":"product","2":"type-product","3":"status-publish","4":"has-post-thumbnail","6":"product_cat-2000s","7":"product_cat-east-coast","8":"product_cat-soul-rnb","9":"product_tag-2000s","10":"product_tag-east-coast","11":"product_tag-eve","12":"product_tag-hip-hop","13":"product_tag-r-n-b","14":"product_tag-rap-us","15":"product_tag-reedition","16":"product_tag-remasterise","17":"product_tag-scorpion","18":"product_shipping_class-2-lp","20":"first","21":"outofstock","22":"taxable","23":"shipping-taxable","24":"purchasable","25":"product-type-simple"},"aioseo_notices":[],"_links":{"self":[{"href":"https:\/\/hiphop4life.fr\/shop\/wp-json\/wp\/v2\/product\/96057","targetHints":{"allow":["GET"]}}],"collection":[{"href":"https:\/\/hiphop4life.fr\/shop\/wp-json\/wp\/v2\/product"}],"about":[{"href":"https:\/\/hiphop4life.fr\/shop\/wp-json\/wp\/v2\/types\/product"}],"replies":[{"embeddable":true,"href":"https:\/\/hiphop4life.fr\/shop\/wp-json\/wp\/v2\/comments?post=96057"}],"wp:featuredmedia":[{"embeddable":true,"href":"https:\/\/hiphop4life.fr\/shop\/wp-json\/wp\/v2\/media\/96059"}],"wp:attachment":[{"href":"https:\/\/hiphop4life.fr\/shop\/wp-json\/wp\/v2\/media?parent=96057"}],"wp:term":[{"taxonomy":"product_brand","embeddable":true,"href":"https:\/\/hiphop4life.fr\/shop\/wp-json\/wp\/v2\/product_brand?post=96057"},{"taxonomy":"product_cat","embeddable":true,"href":"https:\/\/hiphop4life.fr\/shop\/wp-json\/wp\/v2\/product_cat?post=96057"},{"taxonomy":"product_tag","embeddable":true,"href":"https:\/\/hiphop4life.fr\/shop\/wp-json\/wp\/v2\/product_tag?post=96057"}],"curies":[{"name":"wp","href":"https:\/\/api.w.org\/{rel}","templated":true}]}}