{"id":96135,"date":"2016-04-19T16:38:54","date_gmt":"2016-04-19T14:38:54","guid":{"rendered":"https:\/\/hiphop4life.fr\/shop\/?post_type=product&#038;p=96135"},"modified":"2023-08-03T17:45:14","modified_gmt":"2023-08-03T15:45:14","slug":"lord-finesse-the-awakening-vinyle","status":"publish","type":"product","link":"https:\/\/hiphop4life.fr\/shop\/produit\/lord-finesse-the-awakening-vinyle\/","title":{"rendered":"Lord Finesse &#8211; The Awakening [Vinyle Color\u00e9 25e Anniversaire]"},"content":{"rendered":"<div class=\"wpb-content-wrapper\"><p>[vc_row][vc_column width=\u00a0\u00bb1\/1&Prime;][vc_single_image media=\u00a0\u00bb96136&Prime; media_width_percent=\u00a0\u00bb100&Prime;][vc_column_text]<iframe src=\"https:\/\/open.spotify.com\/embed\/album\/3DqP5MhotjHve8DiljKk6r\" width=\"300\" height=\"380\" frameborder=\"0\"><\/iframe><\/p>\n<p><strong>Tracklist<\/strong><\/p>\n<div><em>A1 Da Sermon (Intro) <\/em><br \/>\n<em>A2 Time Ta Bounce (Interlude)<\/em><br \/>\n<em>A3 True And Livin&rsquo;<\/em><br \/>\n<em>A4 O&rsquo; Lord (Interlude) Featuring O.C.<\/em><br \/>\n<em>A5 Brainstorm \/ P.S.K. (No Gimmicks Remix) Featuring KRS-One &amp; O.C.<\/em><br \/>\n<em>A6 Taking It Lyte (Interlude) Featuring MC Lyte<\/em><br \/>\n<em>A7 Gameplan Featuring Marquee<\/em><br \/>\n<em>A8 Actual Facts (Bonus Track) Featuring Grand Puba, Large Professor &amp; Sadat X<\/em><br \/>\n<em>B1 Words From Da Ak (Interlude)<\/em><br \/>\n<em>B2 Flip Da Style<\/em><br \/>\n<em>B3 Showtime (Interlude) Featuring Showbiz<\/em><br \/>\n<em>B4 Speak Ya Peace Featuring A.G., Diamond &amp; Marquee<\/em><br \/>\n<em>B5 Food For Thought<\/em><br \/>\n<em>B6 Da Kid Himself (Interlude) Featuring Kid Capri<\/em><br \/>\n<em>B7 Hip 2 Da Game<\/em><br \/>\n<em>B8 No Gimmicks Featuring KRS-One<\/em><br \/>\n<em>C1 Time Ta Bounce (Interlude) (Instrumental) <\/em><br \/>\n<em>C2 True And Livin&rsquo; (Instrumental) <\/em><br \/>\n<em>C3 O&rsquo; Lord (Interlude) (Instrumental) <\/em><br \/>\n<em>C4 Brainstorm \/ P.S.K. (No Gimmicks Remix) (Instrumental) <\/em><br \/>\n<em>C5 Taking It Lyte (Interlude) (Instrumental) <\/em><br \/>\n<em>C6 Gameplan (Instrumental) <\/em><br \/>\n<em>D1 Flip Da Style (Instrumental) <\/em><br \/>\n<em>D2 Showtime (Interlude) (Instrumental) <\/em><br \/>\n<em>D3 Speak Ya Peace (Instrumental)<\/em><br \/>\n<em>D4 Food For Thought (Instrumental) <\/em><br \/>\n<em>D5 Da Kid Himself (Interlude) (Instrumental) <\/em><br \/>\n<em>D6 Hip 2 Da Game (Instrumental) <\/em><br \/>\n<em>D7 No Gimmicks (Instrumental)<\/em><\/div>\n<p>[\/vc_column_text][\/vc_column][\/vc_row]<\/p>\n<\/div>","protected":false},"excerpt":{"rendered":"<p><strong>Album :<\/strong> The Awakening<br \/>\n<strong>Artiste :<\/strong> Lord Finesse<br \/>\n<strong>Etat :<\/strong> Neuf &#8211; Sous blister<br \/>\n<strong>Format :<\/strong> Vinyle, 2 LP, Album<br \/>\n<strong>Edition : <\/strong>R\u00e9\u00e9dition 25\u00e8me Anniversaire 2LP vinyles bleu et rose + 7&prime; bonus vinyle jaune<br \/>\n<strong>Date de sortie :<\/strong> 1996<br \/>\n<strong>Label :<\/strong> Tommy Boy Music<br \/>\n<strong>Genre :<\/strong> Hip-Hop \/ Rap US \/ East Coast \/ Golden Age \/ Boom Bap<\/p>\n","protected":false},"featured_media":96140,"comment_status":"open","ping_status":"closed","template":"","meta":{"om_disable_all_campaigns":false,"_monsterinsights_skip_tracking":false,"_monsterinsights_sitenote_active":false,"_monsterinsights_sitenote_note":"","_monsterinsights_sitenote_category":0},"product_brand":[],"product_cat":[6174,6171],"product_tag":[7266,7191,5337,5339,5325,9414,5326,7693,7695,10682,6986,9089],"class_list":{"0":"post-96135","1":"product","2":"type-product","3":"status-publish","4":"has-post-thumbnail","6":"product_cat-east-coast","7":"product_cat-golden-age","8":"product_tag-collector","9":"product_tag-d-i-t-c","10":"product_tag-east-coast","11":"product_tag-golden-age","12":"product_tag-hip-hop","13":"product_tag-lord-finesse","14":"product_tag-rap-us","15":"product_tag-reedition","16":"product_tag-remasterise","17":"product_tag-the-awakening","18":"product_tag-underground-fr","19":"product_tag-vinyle-colore","20":"product_shipping_class-lp","22":"first","23":"outofstock","24":"taxable","25":"shipping-taxable","26":"purchasable","27":"product-type-simple"},"aioseo_notices":[],"_links":{"self":[{"href":"https:\/\/hiphop4life.fr\/shop\/wp-json\/wp\/v2\/product\/96135","targetHints":{"allow":["GET"]}}],"collection":[{"href":"https:\/\/hiphop4life.fr\/shop\/wp-json\/wp\/v2\/product"}],"about":[{"href":"https:\/\/hiphop4life.fr\/shop\/wp-json\/wp\/v2\/types\/product"}],"replies":[{"embeddable":true,"href":"https:\/\/hiphop4life.fr\/shop\/wp-json\/wp\/v2\/comments?post=96135"}],"wp:featuredmedia":[{"embeddable":true,"href":"https:\/\/hiphop4life.fr\/shop\/wp-json\/wp\/v2\/media\/96140"}],"wp:attachment":[{"href":"https:\/\/hiphop4life.fr\/shop\/wp-json\/wp\/v2\/media?parent=96135"}],"wp:term":[{"taxonomy":"product_brand","embeddable":true,"href":"https:\/\/hiphop4life.fr\/shop\/wp-json\/wp\/v2\/product_brand?post=96135"},{"taxonomy":"product_cat","embeddable":true,"href":"https:\/\/hiphop4life.fr\/shop\/wp-json\/wp\/v2\/product_cat?post=96135"},{"taxonomy":"product_tag","embeddable":true,"href":"https:\/\/hiphop4life.fr\/shop\/wp-json\/wp\/v2\/product_tag?post=96135"}],"curies":[{"name":"wp","href":"https:\/\/api.w.org\/{rel}","templated":true}]}}