{"id":96919,"date":"2022-01-12T08:44:04","date_gmt":"2022-01-12T07:44:04","guid":{"rendered":"https:\/\/hiphop4life.fr\/shop\/?post_type=product&#038;p=96919"},"modified":"2023-02-09T17:31:14","modified_gmt":"2023-02-09T16:31:14","slug":"2-pac-until-the-end-of-time-vinyle","status":"publish","type":"product","link":"https:\/\/hiphop4life.fr\/shop\/produit\/2-pac-until-the-end-of-time-vinyle\/","title":{"rendered":"2 Pac &#8211; Until The End Of Time [Vinyle Deluxe]"},"content":{"rendered":"<div class=\"wpb-content-wrapper\"><p>[vc_row][vc_column width=\u00a0\u00bb1\/1&Prime;][vc_single_image media=\u00a0\u00bb96920&Prime; media_width_percent=\u00a0\u00bb100&Prime; uncode_shortcode_id=\u00a0\u00bb776408&Prime;][vc_column_text uncode_shortcode_id=\u00a0\u00bb812253&Prime;]<iframe src=\"https:\/\/open.spotify.com\/embed?uri=spotify%3Aalbum%3A0uT4bCZS9o5C1ThDa2VxpV\" width=\"300\" height=\"380\" frameborder=\"0\"><\/iframe><\/p>\n<p><strong>Tracklist<\/strong><\/p>\n<p><em>A1 Ballad Of A Dead Soulja<\/em><br \/>\n<em>A2 F*** Friendz<\/em><br \/>\n<em>A3 Lil&rsquo; Homies<\/em><br \/>\n<em>A4 Let Em Have It<\/em><br \/>\n<em>B1 Good Life<\/em><br \/>\n<em>B2 Letter 2 My Unborn<\/em><br \/>\n<em>B3 Breathin<\/em><br \/>\n<em>B4 Happy Home<\/em><br \/>\n<em>C1 All Out<\/em><br \/>\n<em>C2 Fuckin Wit The Wrong Nigga<\/em><br \/>\n<em>C3 Thug N U Thug N Me (Remix)<\/em><br \/>\n<em>C4 Everything They Owe<\/em><br \/>\n<em>D1 Until The End Of Time<\/em><br \/>\n<em>D2 M.O.B.<\/em><br \/>\n<em>D3 World Wide Mob Figgaz<\/em><br \/>\n<em>E1 Big Syke Interlude<\/em><br \/>\n<em>E2 My Closest Roaddogz<\/em><br \/>\n<em>E3 Niggaz Nature (Remix)<\/em><br \/>\n<em>E4 When Thugz Cry<\/em><br \/>\n<em>F1 U Don&rsquo;t Have 2 Worry<\/em><br \/>\n<em>F2 This Ain&rsquo;t Livin<\/em><br \/>\n<em>F3 Why U Turn On Me<\/em><br \/>\n<em>G1 Lastonesleft<\/em><br \/>\n<em>G2 Thug N U Thug N Me<\/em><br \/>\n<em>G3 Words 2 My First Born<\/em><br \/>\n<em>G4 Let Em Have It (Remix)<\/em><br \/>\n<em>H1 Runnin On E<\/em><br \/>\n<em>H2 When I Get Free<\/em><br \/>\n<em>H3 Until The End Of Time (RP Remix)<\/em><\/p>\n<p>Les meilleurs morceaux de <strong>2Pac<\/strong> sont \u00e0 \u00e9couter dans la playlist Hip-Hop 4 Life : <a href=\"http:\/\/hiphop4life.fr\/chroniques\/playlists\/\">Hit &lsquo;Em Up<\/a>.[\/vc_column_text][\/vc_column][\/vc_row]<\/p>\n<\/div>","protected":false},"excerpt":{"rendered":"<p><strong>Album :<\/strong> Until The End Of Time<br \/>\n<strong>Artiste :<\/strong>\u00a02 Pac<br \/>\n<strong>Etat :<\/strong>\u00a0Neuf &#8211; Sous blister<br \/>\n<strong>Format :<\/strong>\u00a0Vinyle, 4 LP, Album<br \/>\n<strong>Label :<\/strong>\u00a0Death Row Records<br \/>\n<strong>Edition :\u00a0<\/strong>R\u00e9\u00e9dition 20\u00e8me Anniversaire<br \/>\n<strong>Date de sortie :<\/strong>\u00a02001<br \/>\n<strong>Genre :<\/strong>\u00a0Hip-Hop \/ Rap US \/ Gangsta Rap \/ West Coast<\/p>\n","protected":false},"featured_media":96923,"comment_status":"open","ping_status":"closed","template":"","meta":{"om_disable_all_campaigns":false,"_monsterinsights_skip_tracking":false,"_monsterinsights_sitenote_active":false,"_monsterinsights_sitenote_note":"","_monsterinsights_sitenote_category":0},"product_brand":[],"product_cat":[6171,6175],"product_tag":[5323,5341,8848,5340,6110,5339,5325,5326,7693,10946,5328],"class_list":{"0":"post-96919","1":"product","2":"type-product","3":"status-publish","4":"has-post-thumbnail","6":"product_cat-golden-age","7":"product_cat-west-coast","8":"product_tag-2-pac","9":"product_tag-death-row-records","10":"product_tag-deluxe","11":"product_tag-g-funk","12":"product_tag-gangsta-rap","13":"product_tag-golden-age","14":"product_tag-hip-hop","15":"product_tag-rap-us","16":"product_tag-reedition","17":"product_tag-until-the-end-of-time","18":"product_tag-west-coast","19":"product_shipping_class-4-lp","21":"first","22":"instock","23":"taxable","24":"shipping-taxable","25":"purchasable","26":"product-type-simple"},"aioseo_notices":[],"_links":{"self":[{"href":"https:\/\/hiphop4life.fr\/shop\/wp-json\/wp\/v2\/product\/96919","targetHints":{"allow":["GET"]}}],"collection":[{"href":"https:\/\/hiphop4life.fr\/shop\/wp-json\/wp\/v2\/product"}],"about":[{"href":"https:\/\/hiphop4life.fr\/shop\/wp-json\/wp\/v2\/types\/product"}],"replies":[{"embeddable":true,"href":"https:\/\/hiphop4life.fr\/shop\/wp-json\/wp\/v2\/comments?post=96919"}],"wp:featuredmedia":[{"embeddable":true,"href":"https:\/\/hiphop4life.fr\/shop\/wp-json\/wp\/v2\/media\/96923"}],"wp:attachment":[{"href":"https:\/\/hiphop4life.fr\/shop\/wp-json\/wp\/v2\/media?parent=96919"}],"wp:term":[{"taxonomy":"product_brand","embeddable":true,"href":"https:\/\/hiphop4life.fr\/shop\/wp-json\/wp\/v2\/product_brand?post=96919"},{"taxonomy":"product_cat","embeddable":true,"href":"https:\/\/hiphop4life.fr\/shop\/wp-json\/wp\/v2\/product_cat?post=96919"},{"taxonomy":"product_tag","embeddable":true,"href":"https:\/\/hiphop4life.fr\/shop\/wp-json\/wp\/v2\/product_tag?post=96919"}],"curies":[{"name":"wp","href":"https:\/\/api.w.org\/{rel}","templated":true}]}}