{"id":96959,"date":"2022-01-12T10:34:43","date_gmt":"2022-01-12T09:34:43","guid":{"rendered":"https:\/\/hiphop4life.fr\/shop\/?post_type=product&#038;p=96959"},"modified":"2023-01-28T11:46:06","modified_gmt":"2023-01-28T10:46:06","slug":"outkast-atliens-vinyle-deluxe","status":"publish","type":"product","link":"https:\/\/hiphop4life.fr\/shop\/produit\/outkast-atliens-vinyle-deluxe\/","title":{"rendered":"Outkast &#8211; ATLiens [Vinyle 25e Anniversaire 4LP + Instrumentals]"},"content":{"rendered":"<div class=\"wpb-content-wrapper\"><p>[vc_row][vc_column width=\u00a0\u00bb1\/1&Prime;][vc_single_image media=\u00a0\u00bb96973&Prime; media_width_percent=\u00a0\u00bb100&Prime; uncode_shortcode_id=\u00a0\u00bb595073&Prime;][vc_column_text uncode_shortcode_id=\u00a0\u00bb483739&Prime;]<iframe src=\"https:\/\/open.spotify.com\/embed?uri=spotify%3Aalbum%3A4PID9ExpAM3SuYCPlBseRv\" width=\"300\" height=\"380\" frameborder=\"0\"><\/iframe><\/p>\n<p><strong>Tracklist<\/strong><\/p>\n<p>Side A<\/p>\n<ol>\n<li><em>You May Die (Intro)<\/em><\/li>\n<li><em>Two Dope Boyz (In A Cadillac)<\/em><\/li>\n<li><em>ATLiens<\/em><\/li>\n<li><em>Wheelz of Steel<\/em><\/li>\n<li><em>Jazzy Belle<\/em><\/li>\n<\/ol>\n<p>Side B<\/p>\n<ol>\n<li><em>Elevators (Me &amp; You)<\/em><\/li>\n<li><em>Ova Da Wudz<\/em><\/li>\n<li><em>Babylon<\/em><\/li>\n<li><em>Wailin\u2019<\/em><\/li>\n<\/ol>\n<p>Side C<\/p>\n<ol>\n<li><em>Mainstream<\/em><\/li>\n<li><em>Decatur Psalm<\/em><\/li>\n<li><em>Millennium<\/em><\/li>\n<li><em>E.T. (Extraterrestrial)<\/em><\/li>\n<\/ol>\n<p>Side D<\/p>\n<ol>\n<li><em>13<sup>th<\/sup> Floor \/ Growing Old<\/em><\/li>\n<li><em>Elevators (ONP 86 Mix)<\/em><\/li>\n<\/ol>\n<p>Side E<\/p>\n<ol>\n<li><em>Two Dope Boyz (In A Cadillac)(Instrumental)<\/em><\/li>\n<li><em>ATLiens (Instrumental)<\/em><\/li>\n<li><em>Wheelz of Steel (Instrumental)<\/em><\/li>\n<li><em>Jazzy Belle (Instrumental)<\/em><\/li>\n<\/ol>\n<p>Side F<\/p>\n<ol>\n<li><em>Elevators (Me &amp; You)(Instrumental)<\/em><\/li>\n<li><em>Ova Da Wudz (Instrumental)<\/em><\/li>\n<li><em>Babylon (Instrumental)<\/em><\/li>\n<li><em>Wailin\u2019 (Instrumental)<\/em><\/li>\n<\/ol>\n<p>Side G<\/p>\n<ol>\n<li><em>Mainstream (Instrumental)<\/em><\/li>\n<li><em>Decatur Psalm (Instrumental)<\/em><\/li>\n<li><em>Millennium (Instrumental)<\/em><\/li>\n<li><em>E.T. (Extraterrestrial)(Instrumental)<\/em><\/li>\n<\/ol>\n<p>Side H<\/p>\n<ol>\n<li><em>13<sup>th<\/sup> Floor \/ Growing Old (Instrumental)<\/em><\/li>\n<li><em>Elevators (ONP 86)(Instrumental)<\/em><\/li>\n<\/ol>\n<p>Les meilleurs sons d&rsquo;Outkast sont \u00e0 retrouver dans la playlist Hip-Hop 4 Life : <a href=\"http:\/\/hiphop4life.fr\/chroniques\/playlists\/\">ATLiens<\/a>[\/vc_column_text][\/vc_column][\/vc_row]<\/p>\n<\/div>","protected":false},"excerpt":{"rendered":"<p><strong>Album :<\/strong> ATLiens<br \/>\n<strong>Artiste :<\/strong> Outkast<br \/>\n<strong>Etat :<\/strong>\u00a0Neuf &#8211; Sous blister<br \/>\n<strong>Format :<\/strong> Vinyle, 4 LP + Instrumentals, Album<br \/>\n<strong>Label :<\/strong> La Face<br \/>\n<strong>Edition :<\/strong> R\u00e9\u00e9dition Deluxe 25\u00e8me Anniversaire<br \/>\n<strong>Date de sortie :<\/strong>\u00a01996<br \/>\n<strong>Genre :<\/strong>\u00a0Hip-Hop\u00a0\/ Rap US \/ Dirty South<\/p>\n","protected":false},"featured_media":70770,"comment_status":"open","ping_status":"closed","template":"","meta":{"om_disable_all_campaigns":false,"_monsterinsights_skip_tracking":false,"_monsterinsights_sitenote_active":false,"_monsterinsights_sitenote_note":"","_monsterinsights_sitenote_category":0},"product_brand":[],"product_cat":[6176,6171],"product_tag":[5960,7230,5959,7266,8848,5372,5965,5339,5325,7178,5963,5326,7693],"class_list":{"0":"post-96959","1":"product","2":"type-product","3":"status-publish","4":"has-post-thumbnail","6":"product_cat-dirty-south","7":"product_cat-golden-age","8":"product_tag-andre-3000","9":"product_tag-atliens","10":"product_tag-big-boi","11":"product_tag-collector","12":"product_tag-deluxe","13":"product_tag-dirty-south","14":"product_tag-dungeon-family","15":"product_tag-golden-age","16":"product_tag-hip-hop","17":"product_tag-organized-noize","18":"product_tag-outkast","19":"product_tag-rap-us","20":"product_tag-reedition","21":"product_shipping_class-4-lp","23":"first","24":"instock","25":"taxable","26":"shipping-taxable","27":"purchasable","28":"product-type-simple"},"aioseo_notices":[],"_links":{"self":[{"href":"https:\/\/hiphop4life.fr\/shop\/wp-json\/wp\/v2\/product\/96959","targetHints":{"allow":["GET"]}}],"collection":[{"href":"https:\/\/hiphop4life.fr\/shop\/wp-json\/wp\/v2\/product"}],"about":[{"href":"https:\/\/hiphop4life.fr\/shop\/wp-json\/wp\/v2\/types\/product"}],"replies":[{"embeddable":true,"href":"https:\/\/hiphop4life.fr\/shop\/wp-json\/wp\/v2\/comments?post=96959"}],"wp:featuredmedia":[{"embeddable":true,"href":"https:\/\/hiphop4life.fr\/shop\/wp-json\/wp\/v2\/media\/70770"}],"wp:attachment":[{"href":"https:\/\/hiphop4life.fr\/shop\/wp-json\/wp\/v2\/media?parent=96959"}],"wp:term":[{"taxonomy":"product_brand","embeddable":true,"href":"https:\/\/hiphop4life.fr\/shop\/wp-json\/wp\/v2\/product_brand?post=96959"},{"taxonomy":"product_cat","embeddable":true,"href":"https:\/\/hiphop4life.fr\/shop\/wp-json\/wp\/v2\/product_cat?post=96959"},{"taxonomy":"product_tag","embeddable":true,"href":"https:\/\/hiphop4life.fr\/shop\/wp-json\/wp\/v2\/product_tag?post=96959"}],"curies":[{"name":"wp","href":"https:\/\/api.w.org\/{rel}","templated":true}]}}