{"id":97239,"date":"2021-10-28T22:39:25","date_gmt":"2021-10-28T20:39:25","guid":{"rendered":"https:\/\/hiphop4life.fr\/shop\/?post_type=product&#038;p=97239"},"modified":"2025-11-19T20:33:42","modified_gmt":"2025-11-19T19:33:42","slug":"cormega-the-realness-vinyle-jaune-rouge","status":"publish","type":"product","link":"https:\/\/hiphop4life.fr\/shop\/produit\/cormega-the-realness-vinyle-jaune-rouge\/","title":{"rendered":"Cormega &#8211; The Realness [Vinyle Jaune &#038; Rouge]"},"content":{"rendered":"<div class=\"wpb-content-wrapper\"><p>[vc_row][vc_column width=\u00a0\u00bb1\/1&Prime;][vc_single_image media=\u00a0\u00bb70833&Prime; media_width_percent=\u00a0\u00bb100&Prime;][vc_column_text]<iframe src=\"https:\/\/open.spotify.com\/embed\/album\/56aZWOhQEbVZuU78UOAZ7f\" width=\"300\" height=\"380\" frameborder=\"0\"><\/iframe><\/p>\n<p><strong>Tracklist<\/strong><\/p>\n<p><em>1. Dramatic Entrance<\/em><br \/>\n<em>2. American Beauty<\/em><br \/>\n<em>3. Thun &amp; Kicko (Ft. Prodigy)<\/em><br \/>\n<em>4. The Saga<\/em><br \/>\n<em>5. R U My Nigga?<\/em><br \/>\n<em>6. Unforgiven<\/em><br \/>\n<em>7. Fallen Soldiers<\/em><br \/>\n<em>8. Glory Days<\/em><br \/>\n<em>9. Rap&rsquo;s a Hustle<\/em><br \/>\n<em>10. Get Out My Way<\/em><br \/>\n<em>11. You Don&rsquo;t Want It<\/em><br \/>\n<em>12. 5 for 40<\/em><br \/>\n<em>13. They Forced My Hand (Ft. Tragedy Khadafi)<\/em><br \/>\n<em>14. Fallen Soldiers (Remix)<\/em><\/p>\n<p>Les meilleurs sons de Cormega sont \u00e0 retrouver dans la playlist Hip-Hop 4 Life : <a href=\"http:\/\/hiphop4life.fr\/chroniques\/playlists\/\">NY State Of Mind<\/a>[\/vc_column_text][\/vc_column][\/vc_row]<\/p>\n<\/div>","protected":false},"excerpt":{"rendered":"<p><strong>Album :<\/strong> The Realness<br \/>\n<strong>Artiste :<\/strong> Cormega<br \/>\n<strong>Etat :<\/strong>\u00a0Neuf<br \/>\n<strong>Format :<\/strong>\u00a0Vinyle, LP, Album<br \/>\n<strong>Label :<\/strong> Tuff Kong Records<br \/>\n<strong>Edition :<\/strong> R\u00e9\u00e9dition 2021 Edition Limit\u00e9e &#8211; Vinyle jaune avec t\u00e2ches rouges<br \/>\n<strong>Date de sortie :<\/strong>\u00a02001<br \/>\n<strong>Genre :<\/strong>\u00a0Hip-Hop\u00a0\/ Rap US \/ East Coast \/ Underground<\/p>\n","protected":false},"featured_media":97240,"comment_status":"open","ping_status":"closed","template":"","meta":{"om_disable_all_campaigns":false,"_monsterinsights_skip_tracking":false,"_monsterinsights_sitenote_active":false,"_monsterinsights_sitenote_note":"","_monsterinsights_sitenote_category":0},"product_brand":[],"product_cat":[6172,6174],"product_tag":[5374,7266,7289,5337,9091,5325,5326,7693,7291,6986,9089],"class_list":{"0":"post-97239","1":"product","2":"type-product","3":"status-publish","4":"has-post-thumbnail","6":"product_cat-2000s","7":"product_cat-east-coast","8":"product_tag-2000s","9":"product_tag-collector","10":"product_tag-cormega","11":"product_tag-east-coast","12":"product_tag-edition-limitee","13":"product_tag-hip-hop","14":"product_tag-rap-us","15":"product_tag-reedition","16":"product_tag-the-realness","17":"product_tag-underground-fr","18":"product_tag-vinyle-colore","19":"product_shipping_class-2-lp","21":"first","22":"instock","23":"sold-individually","24":"taxable","25":"shipping-taxable","26":"purchasable","27":"product-type-simple"},"aioseo_notices":[],"_links":{"self":[{"href":"https:\/\/hiphop4life.fr\/shop\/wp-json\/wp\/v2\/product\/97239","targetHints":{"allow":["GET"]}}],"collection":[{"href":"https:\/\/hiphop4life.fr\/shop\/wp-json\/wp\/v2\/product"}],"about":[{"href":"https:\/\/hiphop4life.fr\/shop\/wp-json\/wp\/v2\/types\/product"}],"replies":[{"embeddable":true,"href":"https:\/\/hiphop4life.fr\/shop\/wp-json\/wp\/v2\/comments?post=97239"}],"wp:featuredmedia":[{"embeddable":true,"href":"https:\/\/hiphop4life.fr\/shop\/wp-json\/wp\/v2\/media\/97240"}],"wp:attachment":[{"href":"https:\/\/hiphop4life.fr\/shop\/wp-json\/wp\/v2\/media?parent=97239"}],"wp:term":[{"taxonomy":"product_brand","embeddable":true,"href":"https:\/\/hiphop4life.fr\/shop\/wp-json\/wp\/v2\/product_brand?post=97239"},{"taxonomy":"product_cat","embeddable":true,"href":"https:\/\/hiphop4life.fr\/shop\/wp-json\/wp\/v2\/product_cat?post=97239"},{"taxonomy":"product_tag","embeddable":true,"href":"https:\/\/hiphop4life.fr\/shop\/wp-json\/wp\/v2\/product_tag?post=97239"}],"curies":[{"name":"wp","href":"https:\/\/api.w.org\/{rel}","templated":true}]}}