{"id":98436,"date":"2022-01-01T17:01:53","date_gmt":"2022-01-01T16:01:53","guid":{"rendered":"https:\/\/hiphop4life.fr\/shop\/?post_type=product&#038;p=98436"},"modified":"2022-02-05T09:59:02","modified_gmt":"2022-02-05T08:59:02","slug":"big-sean-finally-famous-vinyle","status":"publish","type":"product","link":"https:\/\/hiphop4life.fr\/shop\/produit\/big-sean-finally-famous-vinyle\/","title":{"rendered":"Big Sean &#8211; Finally Famous [Vinyle 10\u00e8me Anniversaire]"},"content":{"rendered":"<div class=\"wpb-content-wrapper\"><p>[vc_row][vc_column width=\u00a0\u00bb1\/1&Prime;][vc_single_image media=\u00a0\u00bb98437&Prime; media_width_percent=\u00a0\u00bb100&Prime; uncode_shortcode_id=\u00a0\u00bb150223&Prime;][vc_column_text uncode_shortcode_id=\u00a0\u00bb154860&Prime;]<iframe src=\"https:\/\/open.spotify.com\/embed\/album\/2wsEKWXcUpVNR2AKprorV3?utm_source=generator\" width=\"100%\" height=\"380\" frameborder=\"0\" allowfullscreen=\"allowfullscreen\"><\/iframe><\/p>\n<p><strong>Tracklisting<br \/>\n<\/strong><br \/>\n<em>1\u00a0Intro<\/em><br \/>\n<em>2\u00a0I Do It<\/em><br \/>\n<em>3\u00a0My Last (FT. Chris Brown)<\/em><br \/>\n<em>4\u00a0Don&rsquo;t Tell Me You Love Me<\/em><br \/>\n<em>5\u00a0Wait for Me (FT. Lupe Fiasco)<\/em><br \/>\n<em>6\u00a0Marvin &amp; Chardonnay (FT. Kanye West &amp; Roscoe Dash)<\/em><br \/>\n<em>7\u00a0Dance (A$$) (Remix) (FT. Nicki Minaj)<\/em><br \/>\n<em>8\u00a0Get It (DT) (FT. Pharrell Williams)<\/em><br \/>\n<em>9\u00a0Memories (Part II) (FT. John Legend)<\/em><br \/>\n<em>10\u00a0High (FT. Chiddy Bang &amp; Wiz Khalifa)<\/em><br \/>\n<em>11\u00a0Live This Life (FT. The-Dream)<\/em><br \/>\n<em>12\u00a0So Much More<\/em><br \/>\n<em>13\u00a0What Goes Around<\/em><br \/>\n<em>14\u00a0Celebrity (FT. Dwele)<\/em><br \/>\n<em>15\u00a0100 Keys (FT. Pusha T &amp; Rick Ross)<\/em><br \/>\n<em>16\u00a0Freshman 10 (Freestyle)<\/em>[\/vc_column_text][\/vc_column][\/vc_row]<\/p>\n<\/div>","protected":false},"excerpt":{"rendered":"<p><strong>Album :<\/strong> Finally Famous<br \/>\n<strong>Artiste :<\/strong>\u00a0Big Sean<br \/>\n<strong>Etat :<\/strong>\u00a0Neuf &#8211; Sous Blister<br \/>\n<strong>Format :<\/strong>\u00a0Vinyle, 2 LP, Album<br \/>\n<strong>Label :<\/strong> GOOD Music<br \/>\n<strong>Edition :<\/strong> R\u00e9\u00e9dition 10\u00e8me Anniversaire (4 bonus tracks)<br \/>\n<strong>Date de sortie :<\/strong> 2011<br \/>\n<strong>Genre :<\/strong>\u00a0Hip-Hop \/ Rap US<\/p>\n","protected":false},"featured_media":98445,"comment_status":"open","ping_status":"closed","template":"","meta":{"om_disable_all_campaigns":false,"_monsterinsights_skip_tracking":false,"_monsterinsights_sitenote_active":false,"_monsterinsights_sitenote_note":"","_monsterinsights_sitenote_category":0},"product_brand":[],"product_cat":[6177,9206],"product_tag":[10151,7266,6051,11206,5325,5855,5326,7693],"class_list":{"0":"post-98436","1":"product","2":"type-product","3":"status-publish","4":"has-post-thumbnail","6":"product_cat-midwest","7":"product_cat-new-school","8":"product_tag-big-sean","9":"product_tag-collector","10":"product_tag-detroit","11":"product_tag-finally-famous","12":"product_tag-hip-hop","13":"product_tag-new-school","14":"product_tag-rap-us","15":"product_tag-reedition","16":"product_shipping_class-2-lp","18":"first","19":"instock","20":"taxable","21":"shipping-taxable","22":"purchasable","23":"product-type-simple"},"aioseo_notices":[],"_links":{"self":[{"href":"https:\/\/hiphop4life.fr\/shop\/wp-json\/wp\/v2\/product\/98436","targetHints":{"allow":["GET"]}}],"collection":[{"href":"https:\/\/hiphop4life.fr\/shop\/wp-json\/wp\/v2\/product"}],"about":[{"href":"https:\/\/hiphop4life.fr\/shop\/wp-json\/wp\/v2\/types\/product"}],"replies":[{"embeddable":true,"href":"https:\/\/hiphop4life.fr\/shop\/wp-json\/wp\/v2\/comments?post=98436"}],"wp:featuredmedia":[{"embeddable":true,"href":"https:\/\/hiphop4life.fr\/shop\/wp-json\/wp\/v2\/media\/98445"}],"wp:attachment":[{"href":"https:\/\/hiphop4life.fr\/shop\/wp-json\/wp\/v2\/media?parent=98436"}],"wp:term":[{"taxonomy":"product_brand","embeddable":true,"href":"https:\/\/hiphop4life.fr\/shop\/wp-json\/wp\/v2\/product_brand?post=98436"},{"taxonomy":"product_cat","embeddable":true,"href":"https:\/\/hiphop4life.fr\/shop\/wp-json\/wp\/v2\/product_cat?post=98436"},{"taxonomy":"product_tag","embeddable":true,"href":"https:\/\/hiphop4life.fr\/shop\/wp-json\/wp\/v2\/product_tag?post=98436"}],"curies":[{"name":"wp","href":"https:\/\/api.w.org\/{rel}","templated":true}]}}