{"id":98467,"date":"2022-01-07T12:00:28","date_gmt":"2022-01-07T11:00:28","guid":{"rendered":"https:\/\/hiphop4life.fr\/shop\/?post_type=product&#038;p=98467"},"modified":"2022-02-01T12:10:26","modified_gmt":"2022-02-01T11:10:26","slug":"noreaga-nore-vinyle","status":"publish","type":"product","link":"https:\/\/hiphop4life.fr\/shop\/produit\/noreaga-nore-vinyle\/","title":{"rendered":"Noreaga &#8211; N.O.R.E. [Vinyle Color\u00e9]"},"content":{"rendered":"<div class=\"wpb-content-wrapper\"><p>[vc_row][vc_column width=\u00a0\u00bb1\/1&Prime;][vc_single_image media=\u00a0\u00bb98470&Prime; media_width_percent=\u00a0\u00bb100&Prime; uncode_shortcode_id=\u00a0\u00bb202430&Prime;][vc_column_text uncode_shortcode_id=\u00a0\u00bb357686&Prime;]<iframe src=\"https:\/\/open.spotify.com\/embed\/album\/1aFS9Pa88Gl3QH1gNNVyzR?utm_source=generator\" width=\"100%\" height=\"380\" frameborder=\"0\" allowfullscreen=\"allowfullscreen\"><\/iframe><\/p>\n<p><strong>Tracklist<\/strong><\/p>\n<p><em>A1 The Jump Off 0:54<\/em><br \/>\n<em>A2 Banned From TV Featuring \u2013 Big Pun, Cam&rsquo;ron, Jadakiss, Nature, Styles P<\/em><br \/>\n<em>A3 I Love My Life<\/em><br \/>\n<em>A4 N.O.R.E.<\/em><br \/>\n<em>A5 Hed Interlude<\/em><br \/>\n<em>A6 Hed featuring Nature<\/em><br \/>\n<em>B1 It&rsquo;s Not A Game<\/em><br \/>\n<em>B2 Fiesta<\/em><br \/>\n<em>B3 40 Island Featuring \u2013 Kool G Rap, Musolini<\/em><br \/>\n<em>B4 The Way We Live<\/em><br \/>\n<em>C1 Animal Thug Interlude<\/em><br \/>\n<em>C2 The Change<\/em><br \/>\n<em>C3 Superthug<\/em><br \/>\n<em>C4 Da Story<\/em><br \/>\n<em>D1 Mathematics (Esta Loca)<\/em><br \/>\n<em>D2 The Assignment Featuring \u2013 Busta Rhymes, Maze, Spliff Star<\/em><br \/>\n<em>D3 Body In The Trunk &#8211; Featuring Nas<\/em><br \/>\n<em>D4 One Love<\/em><br \/>\n<em>D5 Outro<\/em>[\/vc_column_text][\/vc_column][\/vc_row]<\/p>\n<\/div>","protected":false},"excerpt":{"rendered":"<p><strong>Album :<\/strong> N.O.R.E.<br \/>\n<strong>Artiste :<\/strong> Noreaga<br \/>\n<strong>Etat :<\/strong>\u00a0Neuf<br \/>\n<strong>Format :<\/strong>\u00a0Vinyle, 2 LP, Album<br \/>\n<strong>Label :<\/strong> Tommy Boy Records<br \/>\n<strong>Edition :<\/strong> R\u00e9\u00e9dition 2021 Tommy Boy Records &#8211; Vinyle Color\u00e9<br \/>\n<strong>Date de sortie :<\/strong> 1998<br \/>\n<strong>Genre :<\/strong>\u00a0Hip-Hop\u00a0\/ Rap US \/ East Coast \/ Gangsta Rap \/ Underground<\/p>\n","protected":false},"featured_media":98471,"comment_status":"open","ping_status":"closed","template":"","meta":{"om_disable_all_campaigns":false,"_monsterinsights_skip_tracking":false,"_monsterinsights_sitenote_active":false,"_monsterinsights_sitenote_note":"","_monsterinsights_sitenote_category":0},"product_brand":[],"product_cat":[6174,6171],"product_tag":[5337,6110,5339,5325,11218,11216,5326,7693,9089],"class_list":{"0":"post-98467","1":"product","2":"type-product","3":"status-publish","4":"has-post-thumbnail","6":"product_cat-east-coast","7":"product_cat-golden-age","8":"product_tag-east-coast","9":"product_tag-gangsta-rap","10":"product_tag-golden-age","11":"product_tag-hip-hop","12":"product_tag-n-o-r-e","13":"product_tag-noreaga","14":"product_tag-rap-us","15":"product_tag-reedition","16":"product_tag-vinyle-colore","17":"product_shipping_class-2-lp","19":"first","20":"instock","21":"taxable","22":"shipping-taxable","23":"purchasable","24":"product-type-simple"},"aioseo_notices":[],"_links":{"self":[{"href":"https:\/\/hiphop4life.fr\/shop\/wp-json\/wp\/v2\/product\/98467","targetHints":{"allow":["GET"]}}],"collection":[{"href":"https:\/\/hiphop4life.fr\/shop\/wp-json\/wp\/v2\/product"}],"about":[{"href":"https:\/\/hiphop4life.fr\/shop\/wp-json\/wp\/v2\/types\/product"}],"replies":[{"embeddable":true,"href":"https:\/\/hiphop4life.fr\/shop\/wp-json\/wp\/v2\/comments?post=98467"}],"wp:featuredmedia":[{"embeddable":true,"href":"https:\/\/hiphop4life.fr\/shop\/wp-json\/wp\/v2\/media\/98471"}],"wp:attachment":[{"href":"https:\/\/hiphop4life.fr\/shop\/wp-json\/wp\/v2\/media?parent=98467"}],"wp:term":[{"taxonomy":"product_brand","embeddable":true,"href":"https:\/\/hiphop4life.fr\/shop\/wp-json\/wp\/v2\/product_brand?post=98467"},{"taxonomy":"product_cat","embeddable":true,"href":"https:\/\/hiphop4life.fr\/shop\/wp-json\/wp\/v2\/product_cat?post=98467"},{"taxonomy":"product_tag","embeddable":true,"href":"https:\/\/hiphop4life.fr\/shop\/wp-json\/wp\/v2\/product_tag?post=98467"}],"curies":[{"name":"wp","href":"https:\/\/api.w.org\/{rel}","templated":true}]}}