{"id":98754,"date":"2022-01-04T18:10:30","date_gmt":"2022-01-04T17:10:30","guid":{"rendered":"https:\/\/hiphop4life.fr\/shop\/?post_type=product&#038;p=98754"},"modified":"2022-06-04T18:18:49","modified_gmt":"2022-06-04T16:18:49","slug":"freddie-gibbs-madlib-pinata-the-1974-version-vinyle-rsd","status":"publish","type":"product","link":"https:\/\/hiphop4life.fr\/shop\/produit\/freddie-gibbs-madlib-pinata-the-1974-version-vinyle-rsd\/","title":{"rendered":"Freddie Gibbs &#038; Madlib &#8211; Pi\u00f1ata: The 1974 Version [Vinyle RSD]"},"content":{"rendered":"<div class=\"wpb-content-wrapper\"><p>[vc_row][vc_column width=\u00a0\u00bb1\/1&Prime;][vc_column_text]<strong>Extrait de la chronique Hip-Hop 4 Life :<\/strong><\/p>\n<p>[&#8230;]<em><strong> Pi\u00f1ata<\/strong> est un mod\u00e8le d\u2019\u00e9quilibre et de constance, une main de fer dans un gant de velours, un b\u00e2tard n\u00e9 d\u2019une pute et d\u2019un aristocrate. Peu importe la gloire et les paillettes, la musique de <strong>Freddie Gibbs<\/strong> est le reflet de sa vie : il s\u2019est fait tout seul et ne doit rien \u00e0 personne. Peu importe que tu ne l\u2019aimes pas, peu importe qu\u2019il ait le meilleur album de 2014, rien \u00e0 foutre, il n\u2019a pas le luxe de penser \u00e0 \u00e7a, il rappe pour survivre et c\u2019est pour \u00e7a que <strong>Pi\u00f1ata<\/strong> est un classique.<\/em>\u00a0[&#8230;]<\/p>\n<p>La chronique compl\u00e8te de <em><strong>Pi\u00f1ata<\/strong><\/em>\u00a0dispo\u00a0<a href=\"http:\/\/hiphop4life.fr\/chroniques\/freddie-gibbs-madlib-pinata\/\" target=\"_blank\" rel=\"noopener noreferrer\">ici<\/a>.[\/vc_column_text][vc_single_image media=\u00a0\u00bb70589&Prime; media_width_percent=\u00a0\u00bb100&Prime;][vc_column_text]<iframe src=\"https:\/\/embed.spotify.com\/?uri=spotify%3Aalbum%3A43uErencdmuTRFZPG3zXL1\" width=\"300\" height=\"380\" frameborder=\"0\"><\/iframe><\/p>\n<p><strong>Tracklist<\/strong><\/p>\n<p><em>1. Supplier<\/em><br \/>\n<em>2. Scarface<\/em><br \/>\n<em>3. Deeper<\/em><br \/>\n<em>4. High Ft. Danny Brown<\/em><br \/>\n<em>5. Harold\u2019s<\/em><br \/>\n<em>6. Bomb Ft. Raekwon<\/em><br \/>\n<em>7. Shitsville<\/em><br \/>\n<em>8. Thuggin\u2019<\/em><br \/>\n<em>9. Real<\/em><br \/>\n<em>10. Uno<\/em><br \/>\n<em>11. Robes Ft. Domo Genesis &amp; Earl Sweatshirt<\/em><br \/>\n<em>12. Broken Ft. Scarface<\/em><br \/>\n<em>13. Lakers Ft. Ab-Soul<\/em><br \/>\n<em>14. Knicks<\/em><br \/>\n<em>15. Shame Ft. BJ The Chicago Kid<\/em><br \/>\n<em>16. Watts Ft. Big Time Watts<\/em><br \/>\n<em>17. Pi\u00f1ata Ft. Domo Genesis, G-Wiz, Casey Veggies, Sulaiman, Meechy Darko &amp; Mac Miller<\/em>[\/vc_column_text][\/vc_column][\/vc_row]<\/p>\n<\/div>","protected":false},"excerpt":{"rendered":"<p><strong>Album :<\/strong> Pi\u00f1ata<br \/>\n<strong>Artiste :<\/strong>\u00a0Freddie Gibbs &amp; Madlib<br \/>\n<strong>Etat :<\/strong>\u00a0Neuf<br \/>\n<strong>Format :<\/strong>\u00a0Vinyle, 2 LP, Album<br \/>\n<strong>Label :<\/strong> Madlib Invazion<br \/>\n<strong>Edition :<\/strong> R\u00e9\u00e9dition RSD 2021 &#8211; The 1974 Version (Alternative Artwork)<br \/>\n<strong>Date de sortie :<\/strong>\u00a02014<br \/>\n<strong>Genre :<\/strong>\u00a0Hip-Hop \/ Rap US \/ Gangsta Rap \/ Underground<\/p>\n","protected":false},"featured_media":98755,"comment_status":"open","ping_status":"closed","template":"","meta":{"om_disable_all_campaigns":false,"_monsterinsights_skip_tracking":false,"_monsterinsights_sitenote_active":false,"_monsterinsights_sitenote_note":"","_monsterinsights_sitenote_category":0},"product_brand":[],"product_cat":[6177,9206],"product_tag":[7266,6971,6110,5325,6973,5855,6975,5326,7693,10879,11310,6986],"class_list":{"0":"post-98754","1":"product","2":"type-product","3":"status-publish","4":"has-post-thumbnail","6":"product_cat-midwest","7":"product_cat-new-school","8":"product_tag-collector","9":"product_tag-freddie-gibbs","10":"product_tag-gangsta-rap","11":"product_tag-hip-hop","12":"product_tag-madlib","13":"product_tag-new-school","14":"product_tag-pinata","15":"product_tag-rap-us","16":"product_tag-reedition","17":"product_tag-rsd","18":"product_tag-the-1974-version","19":"product_tag-underground-fr","20":"product_shipping_class-2-lp","22":"first","23":"instock","24":"taxable","25":"shipping-taxable","26":"purchasable","27":"product-type-simple"},"aioseo_notices":[],"_links":{"self":[{"href":"https:\/\/hiphop4life.fr\/shop\/wp-json\/wp\/v2\/product\/98754","targetHints":{"allow":["GET"]}}],"collection":[{"href":"https:\/\/hiphop4life.fr\/shop\/wp-json\/wp\/v2\/product"}],"about":[{"href":"https:\/\/hiphop4life.fr\/shop\/wp-json\/wp\/v2\/types\/product"}],"replies":[{"embeddable":true,"href":"https:\/\/hiphop4life.fr\/shop\/wp-json\/wp\/v2\/comments?post=98754"}],"wp:featuredmedia":[{"embeddable":true,"href":"https:\/\/hiphop4life.fr\/shop\/wp-json\/wp\/v2\/media\/98755"}],"wp:attachment":[{"href":"https:\/\/hiphop4life.fr\/shop\/wp-json\/wp\/v2\/media?parent=98754"}],"wp:term":[{"taxonomy":"product_brand","embeddable":true,"href":"https:\/\/hiphop4life.fr\/shop\/wp-json\/wp\/v2\/product_brand?post=98754"},{"taxonomy":"product_cat","embeddable":true,"href":"https:\/\/hiphop4life.fr\/shop\/wp-json\/wp\/v2\/product_cat?post=98754"},{"taxonomy":"product_tag","embeddable":true,"href":"https:\/\/hiphop4life.fr\/shop\/wp-json\/wp\/v2\/product_tag?post=98754"}],"curies":[{"name":"wp","href":"https:\/\/api.w.org\/{rel}","templated":true}]}}