{"id":98853,"date":"2016-01-10T16:30:05","date_gmt":"2016-01-10T15:30:05","guid":{"rendered":"https:\/\/hiphop4life.fr\/shop\/?post_type=product&#038;p=98853"},"modified":"2023-02-02T14:32:17","modified_gmt":"2023-02-02T13:32:17","slug":"lil-uzi-vert-eternat-atake-vinyle","status":"publish","type":"product","link":"https:\/\/hiphop4life.fr\/shop\/produit\/lil-uzi-vert-eternat-atake-vinyle\/","title":{"rendered":"Lil Uzi Vert &#8211; Eternal Atake [Vinyle Color\u00e9]"},"content":{"rendered":"<div class=\"wpb-content-wrapper\"><p>[vc_row][vc_column width=\u00a0\u00bb1\/1&Prime;][vc_single_image media=\u00a0\u00bb98854&Prime; media_width_percent=\u00a0\u00bb100&Prime; uncode_shortcode_id=\u00a0\u00bb572578&Prime;][vc_column_text uncode_shortcode_id=\u00a0\u00bb172814&Prime;]<iframe style=\"border-radius: 12px;\" src=\"https:\/\/open.spotify.com\/embed\/album\/7IyoGB8J31fvQDwGtHAq9m?utm_source=generator\" width=\"100%\" height=\"380\" frameborder=\"0\" allowfullscreen=\"allowfullscreen\"><\/iframe><\/p>\n<p><strong>Tracklist<\/strong><\/p>\n<p><em>A1\t\tBaby Pluto<br \/>\nA2\t\tLo Mein<br \/>\nA3\t\tSilly Watch<br \/>\nA4\t\tPOP<br \/>\nA5\t\tYou Better Move<br \/>\nB1\t\tHomecoming<br \/>\nB2\t\tI&rsquo;m Sorry<br \/>\nB3\t\tCelebration Station<br \/>\nB4\t\tBigger Than Life<br \/>\nC1\t\tChrome Heart Tags<br \/>\nC2\t\tBust Me<br \/>\nC3\t\tPrices<br \/>\nC4\t\tUrgency<br \/>\nC5\t\tVenetia<br \/>\nD1\t\tSecure The Bag<br \/>\nD2\t\tP2<br \/>\nD3\t\tFutsal Shuffle 2020<br \/>\nD4\t\tThat Way<\/em>[\/vc_column_text][\/vc_column][\/vc_row]<\/p>\n<\/div>","protected":false},"excerpt":{"rendered":"<p><strong>Album :<\/strong> Eternal Atake<br \/>\n<strong>Artiste :<\/strong> Lil Uzi Vert<br \/>\n<strong>Etat :<\/strong>\u00a0Neuf<br \/>\n<strong>Format :\u00a0<\/strong>Vinyle \/ 2 LP<br \/>\n<strong>Label :<\/strong> Atlantic<br \/>\n<strong>Edition :<\/strong> R\u00e9\u00e9dition &#8211; Vinyle Color\u00e9<br \/>\n<strong>Date de sortie :<\/strong>\u00a02017<br \/>\n<strong>Genre :<\/strong> Hip-Hop \/ Rap US<\/p>\n","protected":false},"featured_media":98867,"comment_status":"open","ping_status":"closed","template":"","meta":{"om_disable_all_campaigns":false,"_monsterinsights_skip_tracking":false,"_monsterinsights_sitenote_active":false,"_monsterinsights_sitenote_note":"","_monsterinsights_sitenote_category":0},"product_brand":[],"product_cat":[9206],"product_tag":[11367,5325,11365,5855,5326,7693,9089],"class_list":{"0":"post-98853","1":"product","2":"type-product","3":"status-publish","4":"has-post-thumbnail","6":"product_cat-new-school","7":"product_tag-eternal-atake","8":"product_tag-hip-hop","9":"product_tag-lil-uzi-vert","10":"product_tag-new-school","11":"product_tag-rap-us","12":"product_tag-reedition","13":"product_tag-vinyle-colore","14":"product_shipping_class-2-lp","16":"first","17":"outofstock","18":"sold-individually","19":"purchasable","20":"product-type-simple"},"aioseo_notices":[],"_links":{"self":[{"href":"https:\/\/hiphop4life.fr\/shop\/wp-json\/wp\/v2\/product\/98853","targetHints":{"allow":["GET"]}}],"collection":[{"href":"https:\/\/hiphop4life.fr\/shop\/wp-json\/wp\/v2\/product"}],"about":[{"href":"https:\/\/hiphop4life.fr\/shop\/wp-json\/wp\/v2\/types\/product"}],"replies":[{"embeddable":true,"href":"https:\/\/hiphop4life.fr\/shop\/wp-json\/wp\/v2\/comments?post=98853"}],"wp:featuredmedia":[{"embeddable":true,"href":"https:\/\/hiphop4life.fr\/shop\/wp-json\/wp\/v2\/media\/98867"}],"wp:attachment":[{"href":"https:\/\/hiphop4life.fr\/shop\/wp-json\/wp\/v2\/media?parent=98853"}],"wp:term":[{"taxonomy":"product_brand","embeddable":true,"href":"https:\/\/hiphop4life.fr\/shop\/wp-json\/wp\/v2\/product_brand?post=98853"},{"taxonomy":"product_cat","embeddable":true,"href":"https:\/\/hiphop4life.fr\/shop\/wp-json\/wp\/v2\/product_cat?post=98853"},{"taxonomy":"product_tag","embeddable":true,"href":"https:\/\/hiphop4life.fr\/shop\/wp-json\/wp\/v2\/product_tag?post=98853"}],"curies":[{"name":"wp","href":"https:\/\/api.w.org\/{rel}","templated":true}]}}