{"id":99173,"date":"2016-01-11T23:15:09","date_gmt":"2016-01-11T22:15:09","guid":{"rendered":"https:\/\/hiphop4life.fr\/shop\/?post_type=product&#038;p=99173"},"modified":"2023-06-26T15:20:14","modified_gmt":"2023-06-26T13:20:14","slug":"coolio-gangstas-paradise-vinyle","status":"publish","type":"product","link":"https:\/\/hiphop4life.fr\/shop\/produit\/coolio-gangstas-paradise-vinyle\/","title":{"rendered":"Coolio &#8211; Gangsta&rsquo;s Paradise [Vinyle 25e Anniversaire]"},"content":{"rendered":"<div class=\"wpb-content-wrapper\"><p>[vc_row][vc_column width=\u00a0\u00bb1\/1&Prime;][vc_single_image media=\u00a0\u00bb99174&Prime; media_width_percent=\u00a0\u00bb100&Prime; uncode_shortcode_id=\u00a0\u00bb141549&Prime;][vc_column_text uncode_shortcode_id=\u00a0\u00bb175527&Prime;]<iframe style=\"border-radius: 12px;\" src=\"https:\/\/open.spotify.com\/embed\/album\/6J5bh0XtpMx4ClNfLqKv0H?utm_source=generator\" width=\"100%\" height=\"380\" frameborder=\"0\" allowfullscreen=\"allowfullscreen\"><\/iframe><\/p>\n<p><strong>Tracklist<\/strong><\/p>\n<p><strong>SIDE A<\/strong><\/p>\n<p><em>1. That&rsquo;s How It Is<\/em><br \/>\n<em>2. Geto Highlites<\/em><br \/>\n<em>3. Gangsta&rsquo;s Paradise<\/em><br \/>\n<em>4. Too Hot<\/em><br \/>\n<em>5. Cruisin&rsquo;<\/em><\/p>\n<p><strong>SIDE B<\/strong><\/p>\n<p><em>6. Exercise Yo&rsquo; Game<\/em><br \/>\n<em>7. Sumpin&rsquo; New<\/em><br \/>\n<em>8. Smilin&rsquo;<\/em><br \/>\n<em>9. Fucc Coolio<\/em><br \/>\n<em>10. Kinda High Kinda Drunk<\/em><\/p>\n<p><strong>SIDE C<\/strong><\/p>\n<p><em>11. For My Sistas<\/em><br \/>\n<em>12. Is This Me?<\/em><br \/>\n<em>13. A Thing Goin&rsquo; On<\/em><br \/>\n<em>14. Bright as the Sun<\/em><br \/>\n<em>15. Recoup This<\/em><\/p>\n<p><strong>SIDE D<\/strong><\/p>\n<p><em>16. The Revolution<\/em><br \/>\n<em>17. Get Up Get Down<\/em><br \/>\n<em>18. 1, 2, 3, 4 (Sumpin&rsquo; New) [Timber Mix]<\/em><br \/>\n<em>19. 1, 2, 3, 4 (Sumpin&rsquo; New) [Timber Mix Instrumental]<\/em>[\/vc_column_text][\/vc_column][\/vc_row]<\/p>\n<\/div>","protected":false},"excerpt":{"rendered":"<p><strong>Album :<\/strong> Gangsta&rsquo;s Paradise<br \/>\n<strong>Artiste :<\/strong> Coolio<br \/>\n<strong>Etat :<\/strong>\u00a0Neuf<br \/>\n<strong>Format :<\/strong> Vinyle, 2 LP, Album<br \/>\n<strong>Label :<\/strong> Tommy Boy Records<br \/>\n<strong>Edition :<\/strong> R\u00e9\u00e9dition 2022 RSD &#8211; 25\u00e8me Anniversaire &#8211; Remasteris\u00e9 &#8211; Vinyle Rouge<br \/>\n<strong>Date de sortie :<\/strong> 1995<br \/>\n<strong>Genre :<\/strong>\u00a0Hip-Hop \/ Rap US \/ Gangsta Rap \/\u00a0West\u00a0Coast \/ G-Funk<\/p>\n","protected":false},"featured_media":99175,"comment_status":"open","ping_status":"closed","template":"","meta":{"om_disable_all_campaigns":false,"_monsterinsights_skip_tracking":false,"_monsterinsights_sitenote_active":false,"_monsterinsights_sitenote_note":"","_monsterinsights_sitenote_category":0},"product_brand":[],"product_cat":[6171,6175],"product_tag":[11468,5340,6110,11470,5339,5325,5326,7693,9089,5328],"class_list":{"0":"post-99173","1":"product","2":"type-product","3":"status-publish","4":"has-post-thumbnail","6":"product_cat-golden-age","7":"product_cat-west-coast","8":"product_tag-coolio","9":"product_tag-g-funk","10":"product_tag-gangsta-rap","11":"product_tag-gangstas-paradise","12":"product_tag-golden-age","13":"product_tag-hip-hop","14":"product_tag-rap-us","15":"product_tag-reedition","16":"product_tag-vinyle-colore","17":"product_tag-west-coast","18":"product_shipping_class-lp","20":"first","21":"outofstock","22":"taxable","23":"shipping-taxable","24":"purchasable","25":"product-type-simple"},"aioseo_notices":[],"_links":{"self":[{"href":"https:\/\/hiphop4life.fr\/shop\/wp-json\/wp\/v2\/product\/99173","targetHints":{"allow":["GET"]}}],"collection":[{"href":"https:\/\/hiphop4life.fr\/shop\/wp-json\/wp\/v2\/product"}],"about":[{"href":"https:\/\/hiphop4life.fr\/shop\/wp-json\/wp\/v2\/types\/product"}],"replies":[{"embeddable":true,"href":"https:\/\/hiphop4life.fr\/shop\/wp-json\/wp\/v2\/comments?post=99173"}],"wp:featuredmedia":[{"embeddable":true,"href":"https:\/\/hiphop4life.fr\/shop\/wp-json\/wp\/v2\/media\/99175"}],"wp:attachment":[{"href":"https:\/\/hiphop4life.fr\/shop\/wp-json\/wp\/v2\/media?parent=99173"}],"wp:term":[{"taxonomy":"product_brand","embeddable":true,"href":"https:\/\/hiphop4life.fr\/shop\/wp-json\/wp\/v2\/product_brand?post=99173"},{"taxonomy":"product_cat","embeddable":true,"href":"https:\/\/hiphop4life.fr\/shop\/wp-json\/wp\/v2\/product_cat?post=99173"},{"taxonomy":"product_tag","embeddable":true,"href":"https:\/\/hiphop4life.fr\/shop\/wp-json\/wp\/v2\/product_tag?post=99173"}],"curies":[{"name":"wp","href":"https:\/\/api.w.org\/{rel}","templated":true}]}}