{"id":99497,"date":"2022-01-07T15:40:10","date_gmt":"2022-01-07T14:40:10","guid":{"rendered":"https:\/\/hiphop4life.fr\/shop\/?post_type=product&#038;p=99497"},"modified":"2022-12-07T21:14:38","modified_gmt":"2022-12-07T20:14:38","slug":"puff-daddy-the-family-no-way-out-vinyle","status":"publish","type":"product","link":"https:\/\/hiphop4life.fr\/shop\/produit\/puff-daddy-the-family-no-way-out-vinyle\/","title":{"rendered":"Puff Daddy &#038; The Family &#8211; No Way Out [Vinyle Blanc 25e Anniversaire]"},"content":{"rendered":"<div class=\"wpb-content-wrapper\"><p>[vc_row][vc_column width=\u00a0\u00bb1\/1&Prime;][vc_single_image media=\u00a0\u00bb99500&Prime; media_width_percent=\u00a0\u00bb100&Prime; uncode_shortcode_id=\u00a0\u00bb371511&Prime;][vc_column_text uncode_shortcode_id=\u00a0\u00bb399456&Prime;]<iframe style=\"border-radius: 12px;\" src=\"https:\/\/open.spotify.com\/embed\/album\/4OGaOZUHLhSeiicZB909aL?utm_source=generator\" width=\"100%\" height=\"380\" frameborder=\"0\" allowfullscreen=\"allowfullscreen\"><\/iframe><\/p>\n<p><strong>Tracklist<br \/>\n<\/strong><br \/>\n<em>A1 No Way Out (Intro)<br \/>\nA2 Victory<br \/>\nA3 Been Around The World Ft. Mase, Notorious B.I.G.<br \/>\nA4 What You Gonna Do?<br \/>\nB1 Don&rsquo;t Stop What You&rsquo;re Doing Ft. Lil&rsquo; Kim<br \/>\nB2 If I Should Die Tonight (Interlude) Ft. Carl Thomas<br \/>\nB3 Do You Know?<br \/>\nB4 Young G&rsquo;s Ft. Jay-Z, Notorious B.I.G.<br \/>\nC1 I Love You Baby Ft. Black Rob<br \/>\nC2 It&rsquo;s All About The Benjamins (Remix) Ft. Lil&rsquo; Kim, Notorious B.I.G., The Lox<br \/>\nC3 Pain<br \/>\nC4 Is This The End? Ft. Carl Thomas, Ginuwine, Twista<br \/>\nD1 I Got The Power Ft. The Lox<br \/>\nD2 Friend Ft. Foxy Brown<br \/>\nD3 Senorita<br \/>\nD4 I&rsquo;ll Be Missing You Ft. 112, Faith Evans<br \/>\nD5 Can&rsquo;t Nobody Hold Me Down<\/em>[\/vc_column_text][\/vc_column][\/vc_row]<\/p>\n<\/div>","protected":false},"excerpt":{"rendered":"<p><strong>Album :<\/strong> No Way Out<br \/>\n<strong>Artiste :<\/strong> Puff Daddy &amp; The Family<br \/>\n<strong>Etat :<\/strong>\u00a0Neuf<br \/>\n<strong>Format :<\/strong>\u00a0Vinyle, 2LP, Album<br \/>\n<strong>Label :<\/strong>\u00a0Bad Boy<br \/>\n<strong>Edition :<\/strong> R\u00e9\u00e9dition 2022 25\u00e8me Anniversaire &#8211; Vinyle blanc<br \/>\n<strong>Date de sortie :<\/strong> 1997<br \/>\n<strong>Genre :<\/strong>\u00a0Hip-Hop\u00a0\/ Rap US \/ East Coast \/ Gangsta Rap<\/p>\n","protected":false},"featured_media":99501,"comment_status":"open","ping_status":"closed","template":"","meta":{"om_disable_all_campaigns":false,"_monsterinsights_skip_tracking":false,"_monsterinsights_sitenote_active":false,"_monsterinsights_sitenote_note":"","_monsterinsights_sitenote_category":0},"product_brand":[],"product_cat":[6174,6171],"product_tag":[7348,7350,5337,6110,5339,5325,11583,11581,5326,7693,7352,9089],"class_list":{"0":"post-99497","1":"product","2":"type-product","3":"status-publish","4":"has-post-thumbnail","6":"product_cat-east-coast","7":"product_cat-golden-age","8":"product_tag-bad-boy","9":"product_tag-diddy","10":"product_tag-east-coast","11":"product_tag-gangsta-rap","12":"product_tag-golden-age","13":"product_tag-hip-hop","14":"product_tag-no-way-out","15":"product_tag-puff-daddy","16":"product_tag-rap-us","17":"product_tag-reedition","18":"product_tag-the-notorious-big","19":"product_tag-vinyle-colore","20":"product_shipping_class-2-lp","22":"first","23":"instock","24":"sold-individually","25":"taxable","26":"shipping-taxable","27":"purchasable","28":"product-type-simple"},"aioseo_notices":[],"_links":{"self":[{"href":"https:\/\/hiphop4life.fr\/shop\/wp-json\/wp\/v2\/product\/99497","targetHints":{"allow":["GET"]}}],"collection":[{"href":"https:\/\/hiphop4life.fr\/shop\/wp-json\/wp\/v2\/product"}],"about":[{"href":"https:\/\/hiphop4life.fr\/shop\/wp-json\/wp\/v2\/types\/product"}],"replies":[{"embeddable":true,"href":"https:\/\/hiphop4life.fr\/shop\/wp-json\/wp\/v2\/comments?post=99497"}],"wp:featuredmedia":[{"embeddable":true,"href":"https:\/\/hiphop4life.fr\/shop\/wp-json\/wp\/v2\/media\/99501"}],"wp:attachment":[{"href":"https:\/\/hiphop4life.fr\/shop\/wp-json\/wp\/v2\/media?parent=99497"}],"wp:term":[{"taxonomy":"product_brand","embeddable":true,"href":"https:\/\/hiphop4life.fr\/shop\/wp-json\/wp\/v2\/product_brand?post=99497"},{"taxonomy":"product_cat","embeddable":true,"href":"https:\/\/hiphop4life.fr\/shop\/wp-json\/wp\/v2\/product_cat?post=99497"},{"taxonomy":"product_tag","embeddable":true,"href":"https:\/\/hiphop4life.fr\/shop\/wp-json\/wp\/v2\/product_tag?post=99497"}],"curies":[{"name":"wp","href":"https:\/\/api.w.org\/{rel}","templated":true}]}}